{"id":21,"date":"2026-04-16T09:10:12","date_gmt":"2026-04-16T09:10:12","guid":{"rendered":"https:\/\/nyby.fi\/?page_id=21"},"modified":"2026-04-16T09:19:26","modified_gmt":"2026-04-16T09:19:26","slug":"__trashed","status":"publish","type":"page","link":"https:\/\/nyby.fi\/index.php\/__trashed\/","title":{"rendered":"Nyby G\u00e5rd"},"content":{"rendered":"\n<div class=\"wp-block-cover\"><img loading=\"lazy\" decoding=\"async\" width=\"1024\" height=\"768\" class=\"wp-block-cover__image-background wp-image-22\" alt=\"\" src=\"https:\/\/nyby.fi\/wp-content\/uploads\/2026\/04\/IMG_3152-1-1024x768.jpeg\" data-object-fit=\"cover\" srcset=\"https:\/\/nyby.fi\/wp-content\/uploads\/2026\/04\/IMG_3152-1-1024x768.jpeg 1024w, https:\/\/nyby.fi\/wp-content\/uploads\/2026\/04\/IMG_3152-1-300x225.jpeg 300w, https:\/\/nyby.fi\/wp-content\/uploads\/2026\/04\/IMG_3152-1-768x576.jpeg 768w, https:\/\/nyby.fi\/wp-content\/uploads\/2026\/04\/IMG_3152-1-1536x1152.jpeg 1536w, https:\/\/nyby.fi\/wp-content\/uploads\/2026\/04\/IMG_3152-1-2048x1536.jpeg 2048w\" sizes=\"auto, (max-width: 1024px) 100vw, 1024px\" \/><span aria-hidden=\"true\" class=\"wp-block-cover__background has-background-dim\"><\/span><div class=\"wp-block-cover__inner-container is-layout-flow wp-block-cover-is-layout-flow\">\n<p><\/p>\n\n\n\n<p><\/p>\n\n\n\n<p><\/p>\n\n\n\n<p><\/p>\n\n\n\n<p><\/p>\n\n\n\n<p><\/p>\n\n\n\n<p class=\"has-text-align-center has-large-font-size\">Nyby G\u00e5rd \u00e4r ett ekolantbruk med dikor och k\u00f6ttproduktion. V\u00e5ra djur betar ute, \u00e4ter v\u00e5r egen ekologiska vall och befr\u00e4mjar den ekologiska m\u00e5ngfalden fr\u00e5n pollinerare till f\u00e5glar.<\/p>\n<\/div><\/div>\n\n\n\n<div class=\"wp-block-cover\"><img loading=\"lazy\" decoding=\"async\" width=\"1024\" height=\"768\" class=\"wp-block-cover__image-background wp-image-26\" alt=\"\" src=\"https:\/\/nyby.fi\/wp-content\/uploads\/2026\/04\/42cfbc5d-fcaf-4b1e-9969-733379f450e8-1-1024x768.jpg\" data-object-fit=\"cover\" srcset=\"https:\/\/nyby.fi\/wp-content\/uploads\/2026\/04\/42cfbc5d-fcaf-4b1e-9969-733379f450e8-1-1024x768.jpg 1024w, https:\/\/nyby.fi\/wp-content\/uploads\/2026\/04\/42cfbc5d-fcaf-4b1e-9969-733379f450e8-1-300x225.jpg 300w, https:\/\/nyby.fi\/wp-content\/uploads\/2026\/04\/42cfbc5d-fcaf-4b1e-9969-733379f450e8-1-768x576.jpg 768w, https:\/\/nyby.fi\/wp-content\/uploads\/2026\/04\/42cfbc5d-fcaf-4b1e-9969-733379f450e8-1-1536x1152.jpg 1536w, https:\/\/nyby.fi\/wp-content\/uploads\/2026\/04\/42cfbc5d-fcaf-4b1e-9969-733379f450e8-1.jpg 1600w\" sizes=\"auto, (max-width: 1024px) 100vw, 1024px\" \/><span aria-hidden=\"true\" class=\"wp-block-cover__background has-background-dim\"><\/span><div class=\"wp-block-cover__inner-container is-layout-flow wp-block-cover-is-layout-flow\">\n<p class=\"has-text-align-center has-large-font-size\">Tag kontakt:<\/p>\n\n\n\n<p>Julia Aarni 040-758 4885 f\u00f6retagare<\/p>\n\n\n\n<p>Peter Storsj\u00f6 0500-504 229<\/p>\n\n\n\n<p>Ann Storsj\u00f6 040-587 8602 k\u00f6ttf\u00f6rs\u00e4ljning<\/p>\n\n\n\n<p>Juuso Aarni 050-326 8568 restaurang k\u00f6ttf\u00f6rs\u00e4ljning<\/p>\n<\/div><\/div>\n\n\n\n<div class=\"wp-block-cover\"><img loading=\"lazy\" decoding=\"async\" width=\"1024\" height=\"768\" class=\"wp-block-cover__image-background wp-image-28\" alt=\"\" src=\"https:\/\/nyby.fi\/wp-content\/uploads\/2026\/04\/IMG_7443-1024x768.jpeg\" data-object-fit=\"cover\" srcset=\"https:\/\/nyby.fi\/wp-content\/uploads\/2026\/04\/IMG_7443-1024x768.jpeg 1024w, https:\/\/nyby.fi\/wp-content\/uploads\/2026\/04\/IMG_7443-300x225.jpeg 300w, https:\/\/nyby.fi\/wp-content\/uploads\/2026\/04\/IMG_7443-768x576.jpeg 768w, https:\/\/nyby.fi\/wp-content\/uploads\/2026\/04\/IMG_7443-1536x1152.jpeg 1536w, https:\/\/nyby.fi\/wp-content\/uploads\/2026\/04\/IMG_7443-2048x1536.jpeg 2048w\" sizes=\"auto, (max-width: 1024px) 100vw, 1024px\" \/><span aria-hidden=\"true\" class=\"wp-block-cover__background has-background-dim\"><\/span><div class=\"wp-block-cover__inner-container is-layout-flow wp-block-cover-is-layout-flow\">\n<p class=\"has-text-align-center has-large-font-size\">Dikoproduktion<\/p>\n\n\n\n<p class=\"has-text-align-center has-large-font-size\">V\u00e5ra Simmental kor, tjurar och kalvar betar ute ca 6 m\u00e5nader i \u00e5ret. Allt sker naturligt enligt reglerna f\u00f6r ekologisk produktion. Vi \u00e4r ocks\u00e5 med i f\u00f6rbindelsen f\u00f6r djurens v\u00e4lm\u00e5ende.<\/p>\n\n\n\n<h3 class=\"wp-block-heading has-text-align-center\">Biffk\u00f6tt<\/h3>\n\n\n\n<p class=\"has-text-align-center\">V\u00e5ra biffdjur betar v\u00e5r egna ekologiska vall, sk. \u2019grassfed\u2019 k\u00f6ttproduktion. Vi andv\u00e4nder ingen konstg\u00f6dsel eller bek\u00e4mpningmedel. Djuren lever ett stressfritt naturenligt liv. Det m\u00e4rks i k\u00f6ttets uts\u00f6kta smak! Vi levererar 10kg paket p\u00e5 Karis &#8211; Helsingfors axeln.<\/p>\n<\/div><\/div>\n\n\n\n<div class=\"wp-block-cover\"><img loading=\"lazy\" decoding=\"async\" width=\"1024\" height=\"768\" class=\"wp-block-cover__image-background wp-image-27\" alt=\"\" src=\"https:\/\/nyby.fi\/wp-content\/uploads\/2026\/04\/9d7a934c-93da-484e-9e4b-8a4607b2eaef-2-1024x768.jpg\" data-object-fit=\"cover\" srcset=\"https:\/\/nyby.fi\/wp-content\/uploads\/2026\/04\/9d7a934c-93da-484e-9e4b-8a4607b2eaef-2-1024x768.jpg 1024w, https:\/\/nyby.fi\/wp-content\/uploads\/2026\/04\/9d7a934c-93da-484e-9e4b-8a4607b2eaef-2-300x225.jpg 300w, https:\/\/nyby.fi\/wp-content\/uploads\/2026\/04\/9d7a934c-93da-484e-9e4b-8a4607b2eaef-2-768x576.jpg 768w, https:\/\/nyby.fi\/wp-content\/uploads\/2026\/04\/9d7a934c-93da-484e-9e4b-8a4607b2eaef-2-1536x1152.jpg 1536w, https:\/\/nyby.fi\/wp-content\/uploads\/2026\/04\/9d7a934c-93da-484e-9e4b-8a4607b2eaef-2.jpg 1600w\" sizes=\"auto, (max-width: 1024px) 100vw, 1024px\" \/><span aria-hidden=\"true\" class=\"wp-block-cover__background has-background-dim\"><\/span><div class=\"wp-block-cover__inner-container is-layout-flow wp-block-cover-is-layout-flow\">\n<p class=\"has-text-align-center has-large-font-size\">Nyby g\u00e5rd i Karis, Raseborg, \u00e4r en gammal l\u00e4nsmansg\u00e5rd med anor fr\u00e5n 1500-talet. G\u00e5rden var ett rusth\u00e5ll som ocks\u00e5 uppr\u00e4tth\u00f6ll ett g\u00e4stgiveri. G\u00e4stgiveriet var en k\u00e4nd knutpunkt vid den s.k. Kungsv\u00e4gen som str\u00e4ckte sig l\u00e4ngs kusten fr\u00e5n \u00c5bo till Viborg. Boskapen och h\u00e4starna har traditionellt spelat en central roll p\u00e5 g\u00e5rden.<\/p>\n<\/div><\/div>\n\n\n\n<p><\/p>\n","protected":false},"excerpt":{"rendered":"","protected":false},"author":1,"featured_media":0,"parent":0,"menu_order":0,"comment_status":"closed","ping_status":"closed","template":"","meta":{"footnotes":""},"class_list":["post-21","page","type-page","status-publish","hentry"],"yoast_head":"<!-- This site is optimized with the Yoast SEO plugin v27.3 - https:\/\/yoast.com\/product\/yoast-seo-wordpress\/ -->\n<title>Nyby G\u00e5rd - Nyby G\u00e5rd<\/title>\n<meta name=\"robots\" content=\"index, follow, max-snippet:-1, max-image-preview:large, max-video-preview:-1\" \/>\n<link rel=\"canonical\" href=\"https:\/\/nyby.fi\/index.php\/__trashed\/\" \/>\n<meta property=\"og:locale\" content=\"sv_SE\" \/>\n<meta property=\"og:type\" content=\"article\" \/>\n<meta property=\"og:title\" content=\"Nyby G\u00e5rd - Nyby G\u00e5rd\" \/>\n<meta property=\"og:url\" content=\"https:\/\/nyby.fi\/index.php\/__trashed\/\" \/>\n<meta property=\"og:site_name\" content=\"Nyby G\u00e5rd\" \/>\n<meta property=\"article:modified_time\" content=\"2026-04-16T09:19:26+00:00\" \/>\n<meta property=\"og:image\" content=\"https:\/\/nyby.fi\/wp-content\/uploads\/2026\/04\/IMG_3152-1-scaled.jpeg\" \/>\n\t<meta property=\"og:image:width\" content=\"2560\" \/>\n\t<meta property=\"og:image:height\" content=\"1920\" \/>\n\t<meta property=\"og:image:type\" content=\"image\/jpeg\" \/>\n<meta name=\"twitter:card\" content=\"summary_large_image\" \/>\n<meta name=\"twitter:label1\" content=\"Ber\u00e4knad l\u00e4stid\" \/>\n\t<meta name=\"twitter:data1\" content=\"2 minuter\" \/>\n<script type=\"application\/ld+json\" class=\"yoast-schema-graph\">{\"@context\":\"https:\\\/\\\/schema.org\",\"@graph\":[{\"@type\":\"WebPage\",\"@id\":\"https:\\\/\\\/nyby.fi\\\/index.php\\\/__trashed\\\/\",\"url\":\"https:\\\/\\\/nyby.fi\\\/index.php\\\/__trashed\\\/\",\"name\":\"Nyby G\u00e5rd - Nyby G\u00e5rd\",\"isPartOf\":{\"@id\":\"https:\\\/\\\/nyby.fi\\\/#website\"},\"primaryImageOfPage\":{\"@id\":\"https:\\\/\\\/nyby.fi\\\/index.php\\\/__trashed\\\/#primaryimage\"},\"image\":{\"@id\":\"https:\\\/\\\/nyby.fi\\\/index.php\\\/__trashed\\\/#primaryimage\"},\"thumbnailUrl\":\"https:\\\/\\\/nyby.fi\\\/wp-content\\\/uploads\\\/2026\\\/04\\\/IMG_3152-1-1024x768.jpeg\",\"datePublished\":\"2026-04-16T09:10:12+00:00\",\"dateModified\":\"2026-04-16T09:19:26+00:00\",\"breadcrumb\":{\"@id\":\"https:\\\/\\\/nyby.fi\\\/index.php\\\/__trashed\\\/#breadcrumb\"},\"inLanguage\":\"sv-SE\",\"potentialAction\":[{\"@type\":\"ReadAction\",\"target\":[\"https:\\\/\\\/nyby.fi\\\/index.php\\\/__trashed\\\/\"]}]},{\"@type\":\"ImageObject\",\"inLanguage\":\"sv-SE\",\"@id\":\"https:\\\/\\\/nyby.fi\\\/index.php\\\/__trashed\\\/#primaryimage\",\"url\":\"https:\\\/\\\/nyby.fi\\\/wp-content\\\/uploads\\\/2026\\\/04\\\/IMG_3152-1-scaled.jpeg\",\"contentUrl\":\"https:\\\/\\\/nyby.fi\\\/wp-content\\\/uploads\\\/2026\\\/04\\\/IMG_3152-1-scaled.jpeg\",\"width\":2560,\"height\":1920},{\"@type\":\"BreadcrumbList\",\"@id\":\"https:\\\/\\\/nyby.fi\\\/index.php\\\/__trashed\\\/#breadcrumb\",\"itemListElement\":[{\"@type\":\"ListItem\",\"position\":1,\"name\":\"Hem\",\"item\":\"https:\\\/\\\/nyby.fi\\\/\"},{\"@type\":\"ListItem\",\"position\":2,\"name\":\"Nyby G\u00e5rd\"}]},{\"@type\":\"WebSite\",\"@id\":\"https:\\\/\\\/nyby.fi\\\/#website\",\"url\":\"https:\\\/\\\/nyby.fi\\\/\",\"name\":\"Nyby G\u00e5rd\",\"description\":\"\",\"potentialAction\":[{\"@type\":\"SearchAction\",\"target\":{\"@type\":\"EntryPoint\",\"urlTemplate\":\"https:\\\/\\\/nyby.fi\\\/?s={search_term_string}\"},\"query-input\":{\"@type\":\"PropertyValueSpecification\",\"valueRequired\":true,\"valueName\":\"search_term_string\"}}],\"inLanguage\":\"sv-SE\"}]}<\/script>\n<!-- \/ Yoast SEO plugin. -->","yoast_head_json":{"title":"Nyby G\u00e5rd - Nyby G\u00e5rd","robots":{"index":"index","follow":"follow","max-snippet":"max-snippet:-1","max-image-preview":"max-image-preview:large","max-video-preview":"max-video-preview:-1"},"canonical":"https:\/\/nyby.fi\/index.php\/__trashed\/","og_locale":"sv_SE","og_type":"article","og_title":"Nyby G\u00e5rd - Nyby G\u00e5rd","og_url":"https:\/\/nyby.fi\/index.php\/__trashed\/","og_site_name":"Nyby G\u00e5rd","article_modified_time":"2026-04-16T09:19:26+00:00","og_image":[{"width":2560,"height":1920,"url":"https:\/\/nyby.fi\/wp-content\/uploads\/2026\/04\/IMG_3152-1-scaled.jpeg","type":"image\/jpeg"}],"twitter_card":"summary_large_image","twitter_misc":{"Ber\u00e4knad l\u00e4stid":"2 minuter"},"schema":{"@context":"https:\/\/schema.org","@graph":[{"@type":"WebPage","@id":"https:\/\/nyby.fi\/index.php\/__trashed\/","url":"https:\/\/nyby.fi\/index.php\/__trashed\/","name":"Nyby G\u00e5rd - Nyby G\u00e5rd","isPartOf":{"@id":"https:\/\/nyby.fi\/#website"},"primaryImageOfPage":{"@id":"https:\/\/nyby.fi\/index.php\/__trashed\/#primaryimage"},"image":{"@id":"https:\/\/nyby.fi\/index.php\/__trashed\/#primaryimage"},"thumbnailUrl":"https:\/\/nyby.fi\/wp-content\/uploads\/2026\/04\/IMG_3152-1-1024x768.jpeg","datePublished":"2026-04-16T09:10:12+00:00","dateModified":"2026-04-16T09:19:26+00:00","breadcrumb":{"@id":"https:\/\/nyby.fi\/index.php\/__trashed\/#breadcrumb"},"inLanguage":"sv-SE","potentialAction":[{"@type":"ReadAction","target":["https:\/\/nyby.fi\/index.php\/__trashed\/"]}]},{"@type":"ImageObject","inLanguage":"sv-SE","@id":"https:\/\/nyby.fi\/index.php\/__trashed\/#primaryimage","url":"https:\/\/nyby.fi\/wp-content\/uploads\/2026\/04\/IMG_3152-1-scaled.jpeg","contentUrl":"https:\/\/nyby.fi\/wp-content\/uploads\/2026\/04\/IMG_3152-1-scaled.jpeg","width":2560,"height":1920},{"@type":"BreadcrumbList","@id":"https:\/\/nyby.fi\/index.php\/__trashed\/#breadcrumb","itemListElement":[{"@type":"ListItem","position":1,"name":"Hem","item":"https:\/\/nyby.fi\/"},{"@type":"ListItem","position":2,"name":"Nyby G\u00e5rd"}]},{"@type":"WebSite","@id":"https:\/\/nyby.fi\/#website","url":"https:\/\/nyby.fi\/","name":"Nyby G\u00e5rd","description":"","potentialAction":[{"@type":"SearchAction","target":{"@type":"EntryPoint","urlTemplate":"https:\/\/nyby.fi\/?s={search_term_string}"},"query-input":{"@type":"PropertyValueSpecification","valueRequired":true,"valueName":"search_term_string"}}],"inLanguage":"sv-SE"}]}},"_links":{"self":[{"href":"https:\/\/nyby.fi\/index.php\/wp-json\/wp\/v2\/pages\/21","targetHints":{"allow":["GET"]}}],"collection":[{"href":"https:\/\/nyby.fi\/index.php\/wp-json\/wp\/v2\/pages"}],"about":[{"href":"https:\/\/nyby.fi\/index.php\/wp-json\/wp\/v2\/types\/page"}],"author":[{"embeddable":true,"href":"https:\/\/nyby.fi\/index.php\/wp-json\/wp\/v2\/users\/1"}],"replies":[{"embeddable":true,"href":"https:\/\/nyby.fi\/index.php\/wp-json\/wp\/v2\/comments?post=21"}],"version-history":[{"count":3,"href":"https:\/\/nyby.fi\/index.php\/wp-json\/wp\/v2\/pages\/21\/revisions"}],"predecessor-version":[{"id":32,"href":"https:\/\/nyby.fi\/index.php\/wp-json\/wp\/v2\/pages\/21\/revisions\/32"}],"wp:attachment":[{"href":"https:\/\/nyby.fi\/index.php\/wp-json\/wp\/v2\/media?parent=21"}],"curies":[{"name":"wp","href":"https:\/\/api.w.org\/{rel}","templated":true}]}}